{"id":4404,"date":"2018-10-18T13:04:31","date_gmt":"2018-10-18T19:04:31","guid":{"rendered":"https:\/\/holmes.mikado-themes.com\/?page_id=4404"},"modified":"2024-02-29T22:55:07","modified_gmt":"2024-02-29T22:55:07","slug":"portafolioantiguo","status":"publish","type":"page","link":"http:\/\/52.23.221.97\/en\/portafolioantiguo\/","title":{"rendered":"PortafolioAntiguo"},"content":{"rendered":"<div class=\"vc_row wpb_row vc_row-fluid vc_custom_1613592152452 mkdf-content-aligment-left\" ><div class=\"wpb_column vc_column_container vc_col-sm-12\"><div class=\"vc_column-inner\"><div class=\"wpb_wrapper\"><div class=\"mkdf-portfolio-list-holder mkdf-grid-list mkdf-disable-bottom-space mkdf-pl-three-columns mkdf-pl-gallery mkdf-four-columns mkdf-normal-space mkdf-pl-standard-switch-images     mkdf-pl-pag-no-pagination\"  data-type=\"gallery\" data-number-of-columns=\"four\" data-space-between-items=\"normal\" data-number-of-items=\"12\" data-image-proportions=\"square\" data-enable-fixed-proportions=\"no\" data-enable-image-shadow=\"no\" data-category=\"services\" data-orderby=\"date\" data-order=\"ASC\" data-item-style=\"standard-switch-images\" data-enable-title=\"yes\" data-title-tag=\"h4\" data-enable-category=\"no\" data-enable-count-images=\"yes\" data-enable-excerpt=\"no\" data-excerpt-length=\"20\" data-pagination-type=\"no-pagination\" data-filter=\"no\" data-filter-order-by=\"name\" data-enable-article-animation=\"no\" data-portfolio-slider-on=\"no\" data-enable-loop=\"yes\" data-enable-autoplay=\"yes\" data-slider-speed=\"5000\" data-slider-speed-animation=\"600\" data-enable-navigation=\"yes\" data-enable-pagination=\"yes\" data-max-num-pages=\"1\" data-next-page=\"2\">\n\t\t<div class=\"mkdf-pl-inner mkdf-outer-space   clearfix\">\n\t\t<article class=\"mkdf-pl-item mkdf-item-space mkdf-pl-no-switch-image  post-7396 portfolio-item type-portfolio-item status-publish has-post-thumbnail hentry portfolio-category-services\">\n    <div class=\"mkdf-pl-item-inner\">\n\t\t<div class=\"mkdf-pli-image\">\n\t\t\t<img fetchpriority=\"high\" decoding=\"async\" width=\"540\" height=\"650\" src=\"http:\/\/52.23.221.97\/wp-content\/uploads\/2021\/02\/3D-INTERACTIVE_Project-Slider_1100x1325.png\" class=\"attachment-holmes_mkdf_square size-holmes_mkdf_square wp-post-image\" alt=\"\" srcset=\"http:\/\/52.23.221.97\/wp-content\/uploads\/2021\/02\/3D-INTERACTIVE_Project-Slider_1100x1325.png 1100w, http:\/\/52.23.221.97\/wp-content\/uploads\/2021\/02\/3D-INTERACTIVE_Project-Slider_1100x1325-600x723.png 600w, http:\/\/52.23.221.97\/wp-content\/uploads\/2021\/02\/3D-INTERACTIVE_Project-Slider_1100x1325-249x300.png 249w, http:\/\/52.23.221.97\/wp-content\/uploads\/2021\/02\/3D-INTERACTIVE_Project-Slider_1100x1325-850x1024.png 850w, http:\/\/52.23.221.97\/wp-content\/uploads\/2021\/02\/3D-INTERACTIVE_Project-Slider_1100x1325-768x925.png 768w\" sizes=\"(max-width: 540px) 100vw, 540px\" \/>\t\n    <\/div>\n<div class=\"mkdf-pli-text-holder\" >\n\t<div class=\"mkdf-pli-text-wrapper\">\n\t\t<div class=\"mkdf-pli-text\">\n\t\t\t\t<h4 itemprop=\"name\" class=\"mkdf-pli-title entry-title\" >\n\t\tFB\/IG Filters\t<\/h4>\n\t\t\t\n\t\t\t\n\t\t\t\t\t\t\n\t\t\t\t\t<\/div>\n\t<\/div>\n<\/div>\n\t\t            <a itemprop=\"url\" class=\"mkdf-pli-link mkdf-block-drag-link\" href=\"http:\/\/52.23.221.97\/en\/portfolio-item\/fb-ig-filtro-3d-y-2d\/\" target=\"_self\"><\/a>\n\t\t    <\/div>\n<\/article><article class=\"mkdf-pl-item mkdf-item-space mkdf-pl-no-switch-image  post-7397 portfolio-item type-portfolio-item status-publish has-post-thumbnail hentry portfolio-category-services\">\n    <div class=\"mkdf-pl-item-inner\">\n\t\t<div class=\"mkdf-pli-image\">\n\t\t\t<img decoding=\"async\" width=\"540\" height=\"650\" src=\"http:\/\/52.23.221.97\/wp-content\/uploads\/2021\/02\/PROGRAMMATIC-IN-APP_Project-Slider.png\" class=\"attachment-holmes_mkdf_square size-holmes_mkdf_square wp-post-image\" alt=\"\" srcset=\"http:\/\/52.23.221.97\/wp-content\/uploads\/2021\/02\/PROGRAMMATIC-IN-APP_Project-Slider.png 1100w, http:\/\/52.23.221.97\/wp-content\/uploads\/2021\/02\/PROGRAMMATIC-IN-APP_Project-Slider-600x723.png 600w, http:\/\/52.23.221.97\/wp-content\/uploads\/2021\/02\/PROGRAMMATIC-IN-APP_Project-Slider-249x300.png 249w, http:\/\/52.23.221.97\/wp-content\/uploads\/2021\/02\/PROGRAMMATIC-IN-APP_Project-Slider-850x1024.png 850w, http:\/\/52.23.221.97\/wp-content\/uploads\/2021\/02\/PROGRAMMATIC-IN-APP_Project-Slider-768x925.png 768w\" sizes=\"(max-width: 540px) 100vw, 540px\" \/>\t\n    <\/div>\n<div class=\"mkdf-pli-text-holder\" >\n\t<div class=\"mkdf-pli-text-wrapper\">\n\t\t<div class=\"mkdf-pli-text\">\n\t\t\t\t<h4 itemprop=\"name\" class=\"mkdf-pli-title entry-title\" >\n\t\tProgrammatic IN-APP\t<\/h4>\n\t\t\t\n\t\t\t\n\t\t\t\t\t\t\n\t\t\t\t\t<\/div>\n\t<\/div>\n<\/div>\n\t\t            <a itemprop=\"url\" class=\"mkdf-pli-link mkdf-block-drag-link\" href=\"http:\/\/52.23.221.97\/en\/portfolio-item\/programatic-in-app\/\" target=\"_self\"><\/a>\n\t\t    <\/div>\n<\/article><article class=\"mkdf-pl-item mkdf-item-space mkdf-pl-no-switch-image  post-7398 portfolio-item type-portfolio-item status-publish has-post-thumbnail hentry portfolio-category-services\">\n    <div class=\"mkdf-pl-item-inner\">\n\t\t<div class=\"mkdf-pli-image\">\n\t\t\t<img decoding=\"async\" width=\"540\" height=\"650\" src=\"http:\/\/52.23.221.97\/wp-content\/uploads\/2021\/02\/DEEZER_ProjectSlider_1100x1325.png\" class=\"attachment-holmes_mkdf_square size-holmes_mkdf_square wp-post-image\" alt=\"\" srcset=\"http:\/\/52.23.221.97\/wp-content\/uploads\/2021\/02\/DEEZER_ProjectSlider_1100x1325.png 1100w, http:\/\/52.23.221.97\/wp-content\/uploads\/2021\/02\/DEEZER_ProjectSlider_1100x1325-600x723.png 600w, http:\/\/52.23.221.97\/wp-content\/uploads\/2021\/02\/DEEZER_ProjectSlider_1100x1325-249x300.png 249w, http:\/\/52.23.221.97\/wp-content\/uploads\/2021\/02\/DEEZER_ProjectSlider_1100x1325-850x1024.png 850w, http:\/\/52.23.221.97\/wp-content\/uploads\/2021\/02\/DEEZER_ProjectSlider_1100x1325-768x925.png 768w\" sizes=\"(max-width: 540px) 100vw, 540px\" \/>\t\n    <\/div>\n<div class=\"mkdf-pli-text-holder\" >\n\t<div class=\"mkdf-pli-text-wrapper\">\n\t\t<div class=\"mkdf-pli-text\">\n\t\t\t\t<h4 itemprop=\"name\" class=\"mkdf-pli-title entry-title\" >\n\t\tDeezer\t<\/h4>\n\t\t\t\n\t\t\t\n\t\t\t\t\t\t\n\t\t\t\t\t<\/div>\n\t<\/div>\n<\/div>\n\t\t            <a itemprop=\"url\" class=\"mkdf-pli-link mkdf-block-drag-link\" href=\"http:\/\/52.23.221.97\/en\/portfolio-item\/deezer\/\" target=\"_self\"><\/a>\n\t\t    <\/div>\n<\/article><article class=\"mkdf-pl-item mkdf-item-space mkdf-pl-no-switch-image  post-7399 portfolio-item type-portfolio-item status-publish has-post-thumbnail hentry portfolio-category-services\">\n    <div class=\"mkdf-pl-item-inner\">\n\t\t<div class=\"mkdf-pli-image\">\n\t\t\t<img loading=\"lazy\" decoding=\"async\" width=\"540\" height=\"650\" src=\"http:\/\/52.23.221.97\/wp-content\/uploads\/2021\/02\/VIDEO-RECOMPENSADO_Project-Slider.png\" class=\"attachment-holmes_mkdf_square size-holmes_mkdf_square wp-post-image\" alt=\"\" srcset=\"http:\/\/52.23.221.97\/wp-content\/uploads\/2021\/02\/VIDEO-RECOMPENSADO_Project-Slider.png 1100w, http:\/\/52.23.221.97\/wp-content\/uploads\/2021\/02\/VIDEO-RECOMPENSADO_Project-Slider-600x723.png 600w, http:\/\/52.23.221.97\/wp-content\/uploads\/2021\/02\/VIDEO-RECOMPENSADO_Project-Slider-249x300.png 249w, http:\/\/52.23.221.97\/wp-content\/uploads\/2021\/02\/VIDEO-RECOMPENSADO_Project-Slider-850x1024.png 850w, http:\/\/52.23.221.97\/wp-content\/uploads\/2021\/02\/VIDEO-RECOMPENSADO_Project-Slider-768x925.png 768w\" sizes=\"(max-width: 540px) 100vw, 540px\" \/>\t\n    <\/div>\n<div class=\"mkdf-pli-text-holder\" >\n\t<div class=\"mkdf-pli-text-wrapper\">\n\t\t<div class=\"mkdf-pli-text\">\n\t\t\t\t<h4 itemprop=\"name\" class=\"mkdf-pli-title entry-title\" >\n\t\tVideo Vertical\t<\/h4>\n\t\t\t\n\t\t\t\n\t\t\t\t\t\t\n\t\t\t\t\t<\/div>\n\t<\/div>\n<\/div>\n\t\t            <a itemprop=\"url\" class=\"mkdf-pli-link mkdf-block-drag-link\" href=\"http:\/\/52.23.221.97\/en\/portfolio-item\/rewarded-video\/\" target=\"_self\"><\/a>\n\t\t    <\/div>\n<\/article><article class=\"mkdf-pl-item mkdf-item-space mkdf-pl-no-switch-image  post-7387 portfolio-item type-portfolio-item status-publish has-post-thumbnail hentry portfolio-category-services\">\n    <div class=\"mkdf-pl-item-inner\">\n\t\t<div class=\"mkdf-pli-image\">\n\t\t\t<img loading=\"lazy\" decoding=\"async\" width=\"540\" height=\"650\" src=\"http:\/\/52.23.221.97\/wp-content\/uploads\/2021\/02\/ADVERGAME3.png\" class=\"attachment-holmes_mkdf_square size-holmes_mkdf_square wp-post-image\" alt=\"\" srcset=\"http:\/\/52.23.221.97\/wp-content\/uploads\/2021\/02\/ADVERGAME3.png 1100w, http:\/\/52.23.221.97\/wp-content\/uploads\/2021\/02\/ADVERGAME3-600x723.png 600w, http:\/\/52.23.221.97\/wp-content\/uploads\/2021\/02\/ADVERGAME3-249x300.png 249w, http:\/\/52.23.221.97\/wp-content\/uploads\/2021\/02\/ADVERGAME3-850x1024.png 850w, http:\/\/52.23.221.97\/wp-content\/uploads\/2021\/02\/ADVERGAME3-768x925.png 768w\" sizes=\"(max-width: 540px) 100vw, 540px\" \/>\t\n    <\/div>\n<div class=\"mkdf-pli-text-holder\" >\n\t<div class=\"mkdf-pli-text-wrapper\">\n\t\t<div class=\"mkdf-pli-text\">\n\t\t\t\t<h4 itemprop=\"name\" class=\"mkdf-pli-title entry-title\" >\n\t\tAdvergame\t<\/h4>\n\t\t\t\n\t\t\t\n\t\t\t\t\t\t\n\t\t\t\t\t<\/div>\n\t<\/div>\n<\/div>\n\t\t            <a itemprop=\"url\" class=\"mkdf-pli-link mkdf-block-drag-link\" href=\"http:\/\/52.23.221.97\/en\/portfolio-item\/advergame\/\" target=\"_self\"><\/a>\n\t\t    <\/div>\n<\/article><article class=\"mkdf-pl-item mkdf-item-space mkdf-pl-no-switch-image  post-7389 portfolio-item type-portfolio-item status-publish has-post-thumbnail hentry portfolio-category-services\">\n    <div class=\"mkdf-pl-item-inner\">\n\t\t<div class=\"mkdf-pli-image\">\n\t\t\t<img loading=\"lazy\" decoding=\"async\" width=\"540\" height=\"650\" src=\"http:\/\/52.23.221.97\/wp-content\/uploads\/2021\/02\/PUSH_Project-Slider_1100x1325.png\" class=\"attachment-holmes_mkdf_square size-holmes_mkdf_square wp-post-image\" alt=\"a\" srcset=\"http:\/\/52.23.221.97\/wp-content\/uploads\/2021\/02\/PUSH_Project-Slider_1100x1325.png 1100w, http:\/\/52.23.221.97\/wp-content\/uploads\/2021\/02\/PUSH_Project-Slider_1100x1325-600x723.png 600w, http:\/\/52.23.221.97\/wp-content\/uploads\/2021\/02\/PUSH_Project-Slider_1100x1325-249x300.png 249w, http:\/\/52.23.221.97\/wp-content\/uploads\/2021\/02\/PUSH_Project-Slider_1100x1325-850x1024.png 850w, http:\/\/52.23.221.97\/wp-content\/uploads\/2021\/02\/PUSH_Project-Slider_1100x1325-768x925.png 768w\" sizes=\"(max-width: 540px) 100vw, 540px\" \/>\t\n    <\/div>\n<div class=\"mkdf-pli-text-holder\" >\n\t<div class=\"mkdf-pli-text-wrapper\">\n\t\t<div class=\"mkdf-pli-text\">\n\t\t\t\t<h4 itemprop=\"name\" class=\"mkdf-pli-title entry-title\" >\n\t\tPush Notifications\t<\/h4>\n\t\t\t\n\t\t\t\n\t\t\t\t\t\t\n\t\t\t\t\t<\/div>\n\t<\/div>\n<\/div>\n\t\t            <a itemprop=\"url\" class=\"mkdf-pli-link mkdf-block-drag-link\" href=\"http:\/\/52.23.221.97\/en\/portfolio-item\/push-notification\/\" target=\"_self\"><\/a>\n\t\t    <\/div>\n<\/article><article class=\"mkdf-pl-item mkdf-item-space mkdf-pl-no-switch-image  post-7390 portfolio-item type-portfolio-item status-publish has-post-thumbnail hentry portfolio-category-services\">\n    <div class=\"mkdf-pl-item-inner\">\n\t\t<div class=\"mkdf-pli-image\">\n\t\t\t<img loading=\"lazy\" decoding=\"async\" width=\"540\" height=\"650\" src=\"http:\/\/52.23.221.97\/wp-content\/uploads\/2021\/02\/PROGRAMMATIC_Project-Slider.png\" class=\"attachment-holmes_mkdf_square size-holmes_mkdf_square wp-post-image\" alt=\"a\" srcset=\"http:\/\/52.23.221.97\/wp-content\/uploads\/2021\/02\/PROGRAMMATIC_Project-Slider.png 1100w, http:\/\/52.23.221.97\/wp-content\/uploads\/2021\/02\/PROGRAMMATIC_Project-Slider-600x723.png 600w, http:\/\/52.23.221.97\/wp-content\/uploads\/2021\/02\/PROGRAMMATIC_Project-Slider-249x300.png 249w, http:\/\/52.23.221.97\/wp-content\/uploads\/2021\/02\/PROGRAMMATIC_Project-Slider-850x1024.png 850w, http:\/\/52.23.221.97\/wp-content\/uploads\/2021\/02\/PROGRAMMATIC_Project-Slider-768x925.png 768w\" sizes=\"(max-width: 540px) 100vw, 540px\" \/>\t\n    <\/div>\n<div class=\"mkdf-pli-text-holder\" >\n\t<div class=\"mkdf-pli-text-wrapper\">\n\t\t<div class=\"mkdf-pli-text\">\n\t\t\t\t<h4 itemprop=\"name\" class=\"mkdf-pli-title entry-title\" >\n\t\tProgrammatic Web\t<\/h4>\n\t\t\t\n\t\t\t\n\t\t\t\t\t\t\n\t\t\t\t\t<\/div>\n\t<\/div>\n<\/div>\n\t\t            <a itemprop=\"url\" class=\"mkdf-pli-link mkdf-block-drag-link\" href=\"http:\/\/52.23.221.97\/en\/portfolio-item\/programatic-web\/\" target=\"_self\"><\/a>\n\t\t    <\/div>\n<\/article><article class=\"mkdf-pl-item mkdf-item-space mkdf-pl-no-switch-image  post-7395 portfolio-item type-portfolio-item status-publish has-post-thumbnail hentry portfolio-category-services\">\n    <div class=\"mkdf-pl-item-inner\">\n\t\t<div class=\"mkdf-pli-image\">\n\t\t\t<img loading=\"lazy\" decoding=\"async\" width=\"540\" height=\"650\" src=\"http:\/\/52.23.221.97\/wp-content\/uploads\/2021\/02\/ArAdvergame_ProjectSlider_1100x1325.png\" class=\"attachment-holmes_mkdf_square size-holmes_mkdf_square wp-post-image\" alt=\"\" srcset=\"http:\/\/52.23.221.97\/wp-content\/uploads\/2021\/02\/ArAdvergame_ProjectSlider_1100x1325.png 1100w, http:\/\/52.23.221.97\/wp-content\/uploads\/2021\/02\/ArAdvergame_ProjectSlider_1100x1325-600x723.png 600w, http:\/\/52.23.221.97\/wp-content\/uploads\/2021\/02\/ArAdvergame_ProjectSlider_1100x1325-249x300.png 249w, http:\/\/52.23.221.97\/wp-content\/uploads\/2021\/02\/ArAdvergame_ProjectSlider_1100x1325-850x1024.png 850w, http:\/\/52.23.221.97\/wp-content\/uploads\/2021\/02\/ArAdvergame_ProjectSlider_1100x1325-768x925.png 768w\" sizes=\"(max-width: 540px) 100vw, 540px\" \/>\t\n    <\/div>\n<div class=\"mkdf-pli-text-holder\" >\n\t<div class=\"mkdf-pli-text-wrapper\">\n\t\t<div class=\"mkdf-pli-text\">\n\t\t\t\t<h4 itemprop=\"name\" class=\"mkdf-pli-title entry-title\" >\n\t\tFB\/IG &#8211; Filtro Advergame\t<\/h4>\n\t\t\t\n\t\t\t\n\t\t\t\t\t\t\n\t\t\t\t\t<\/div>\n\t<\/div>\n<\/div>\n\t\t            <a itemprop=\"url\" class=\"mkdf-pli-link mkdf-block-drag-link\" href=\"http:\/\/52.23.221.97\/en\/portfolio-item\/fb-ig-filtro-advergame\/\" target=\"_self\"><\/a>\n\t\t    <\/div>\n<\/article>\t<\/div>\n\t\n\t<\/div><\/div><\/div><\/div><\/div>","protected":false},"excerpt":{"rendered":"Descripci\u00f3n Los filtros son una combinaci\u00f3n de la realidad y lo virtual. Permiti\u00e9ndoles a las marcas brindar experiencias, informar y entretener al p\u00fablico. Sin duda es el factor perfecto para la diferenciaci\u00f3n hacia aquellos que est\u00e1n viendo m\u00e1s all\u00e1 de [...]","protected":false},"author":1,"featured_media":0,"parent":0,"menu_order":0,"comment_status":"closed","ping_status":"closed","template":"","meta":{"_acf_changed":false,"footnotes":""},"class_list":["post-4404","page","type-page","status-publish","hentry"],"acf":[],"yoast_head":"<!-- This site is optimized with the Yoast SEO Premium plugin v26.4 (Yoast SEO v27.3) - https:\/\/yoast.com\/product\/yoast-seo-premium-wordpress\/ -->\n<title>PortafolioAntiguo - Adslive Media<\/title>\n<meta name=\"robots\" content=\"index, follow, max-snippet:-1, max-image-preview:large, max-video-preview:-1\" \/>\n<link rel=\"canonical\" href=\"https:\/\/530788e752aa3b4135e7c28d6492d6c4-1106699875.us-east-1.elb.amazonaws.com\/en\/portafolioantiguo\/\" \/>\n<meta property=\"og:locale\" content=\"en_US\" \/>\n<meta property=\"og:type\" content=\"article\" \/>\n<meta property=\"og:title\" content=\"PortafolioAntiguo\" \/>\n<meta property=\"og:url\" content=\"https:\/\/530788e752aa3b4135e7c28d6492d6c4-1106699875.us-east-1.elb.amazonaws.com\/en\/portafolioantiguo\/\" \/>\n<meta property=\"og:site_name\" content=\"Adslive Media\" \/>\n<meta property=\"article:publisher\" content=\"https:\/\/www.facebook.com\/AdsLiveMedia\" \/>\n<meta property=\"article:modified_time\" content=\"2024-02-29T22:55:07+00:00\" \/>\n<meta property=\"og:image\" content=\"http:\/\/52.23.221.97\/wp-content\/uploads\/2023\/08\/adslivelogo-256.png\" \/>\n\t<meta property=\"og:image:width\" content=\"256\" \/>\n\t<meta property=\"og:image:height\" content=\"256\" \/>\n\t<meta property=\"og:image:type\" content=\"image\/png\" \/>\n<meta name=\"twitter:card\" content=\"summary_large_image\" \/>\n<script type=\"application\/ld+json\" class=\"yoast-schema-graph\">{\"@context\":\"https:\\\/\\\/schema.org\",\"@graph\":[{\"@type\":\"WebPage\",\"@id\":\"https:\\\/\\\/530788e752aa3b4135e7c28d6492d6c4-1106699875.us-east-1.elb.amazonaws.com\\\/en\\\/portafolioantiguo\\\/\",\"url\":\"https:\\\/\\\/530788e752aa3b4135e7c28d6492d6c4-1106699875.us-east-1.elb.amazonaws.com\\\/en\\\/portafolioantiguo\\\/\",\"name\":\"PortafolioAntiguo - Adslive Media\",\"isPartOf\":{\"@id\":\"http:\\\/\\\/172.26.6.58\\\/#website\"},\"datePublished\":\"2018-10-18T19:04:31+00:00\",\"dateModified\":\"2024-02-29T22:55:07+00:00\",\"breadcrumb\":{\"@id\":\"https:\\\/\\\/530788e752aa3b4135e7c28d6492d6c4-1106699875.us-east-1.elb.amazonaws.com\\\/en\\\/portafolioantiguo\\\/#breadcrumb\"},\"inLanguage\":\"en-US\",\"potentialAction\":[{\"@type\":\"ReadAction\",\"target\":[\"https:\\\/\\\/530788e752aa3b4135e7c28d6492d6c4-1106699875.us-east-1.elb.amazonaws.com\\\/en\\\/portafolioantiguo\\\/\"]}]},{\"@type\":\"BreadcrumbList\",\"@id\":\"https:\\\/\\\/530788e752aa3b4135e7c28d6492d6c4-1106699875.us-east-1.elb.amazonaws.com\\\/en\\\/portafolioantiguo\\\/#breadcrumb\",\"itemListElement\":[{\"@type\":\"ListItem\",\"position\":1,\"name\":\"Portada\",\"item\":\"http:\\\/\\\/172.26.6.58\\\/\"},{\"@type\":\"ListItem\",\"position\":2,\"name\":\"PortafolioAntiguo\"}]},{\"@type\":\"WebSite\",\"@id\":\"http:\\\/\\\/172.26.6.58\\\/#website\",\"url\":\"http:\\\/\\\/172.26.6.58\\\/\",\"name\":\"Adslive Media\",\"description\":\"Comercializadora de medios digitales\",\"publisher\":{\"@id\":\"http:\\\/\\\/172.26.6.58\\\/#organization\"},\"alternateName\":\"AdsLive\",\"potentialAction\":[{\"@type\":\"SearchAction\",\"target\":{\"@type\":\"EntryPoint\",\"urlTemplate\":\"http:\\\/\\\/172.26.6.58\\\/?s={search_term_string}\"},\"query-input\":{\"@type\":\"PropertyValueSpecification\",\"valueRequired\":true,\"valueName\":\"search_term_string\"}}],\"inLanguage\":\"en-US\"},{\"@type\":\"Organization\",\"@id\":\"http:\\\/\\\/172.26.6.58\\\/#organization\",\"name\":\"Adslive Media\",\"url\":\"http:\\\/\\\/172.26.6.58\\\/\",\"logo\":{\"@type\":\"ImageObject\",\"inLanguage\":\"en-US\",\"@id\":\"http:\\\/\\\/172.26.6.58\\\/#\\\/schema\\\/logo\\\/image\\\/\",\"url\":\"http:\\\/\\\/52.23.221.97\\\/wp-content\\\/uploads\\\/2022\\\/11\\\/btn-play.png\",\"contentUrl\":\"http:\\\/\\\/52.23.221.97\\\/wp-content\\\/uploads\\\/2022\\\/11\\\/btn-play.png\",\"width\":439,\"height\":474,\"caption\":\"Adslive Media\"},\"image\":{\"@id\":\"http:\\\/\\\/172.26.6.58\\\/#\\\/schema\\\/logo\\\/image\\\/\"},\"sameAs\":[\"https:\\\/\\\/www.facebook.com\\\/AdsLiveMedia\"]}]}<\/script>\n<!-- \/ Yoast SEO Premium plugin. -->","yoast_head_json":{"title":"PortafolioAntiguo - Adslive Media","robots":{"index":"index","follow":"follow","max-snippet":"max-snippet:-1","max-image-preview":"max-image-preview:large","max-video-preview":"max-video-preview:-1"},"canonical":"https:\/\/530788e752aa3b4135e7c28d6492d6c4-1106699875.us-east-1.elb.amazonaws.com\/en\/portafolioantiguo\/","og_locale":"en_US","og_type":"article","og_title":"PortafolioAntiguo","og_url":"https:\/\/530788e752aa3b4135e7c28d6492d6c4-1106699875.us-east-1.elb.amazonaws.com\/en\/portafolioantiguo\/","og_site_name":"Adslive Media","article_publisher":"https:\/\/www.facebook.com\/AdsLiveMedia","article_modified_time":"2024-02-29T22:55:07+00:00","og_image":[{"width":256,"height":256,"url":"http:\/\/52.23.221.97\/wp-content\/uploads\/2023\/08\/adslivelogo-256.png","type":"image\/png"}],"twitter_card":"summary_large_image","schema":{"@context":"https:\/\/schema.org","@graph":[{"@type":"WebPage","@id":"https:\/\/530788e752aa3b4135e7c28d6492d6c4-1106699875.us-east-1.elb.amazonaws.com\/en\/portafolioantiguo\/","url":"https:\/\/530788e752aa3b4135e7c28d6492d6c4-1106699875.us-east-1.elb.amazonaws.com\/en\/portafolioantiguo\/","name":"PortafolioAntiguo - Adslive Media","isPartOf":{"@id":"http:\/\/172.26.6.58\/#website"},"datePublished":"2018-10-18T19:04:31+00:00","dateModified":"2024-02-29T22:55:07+00:00","breadcrumb":{"@id":"https:\/\/530788e752aa3b4135e7c28d6492d6c4-1106699875.us-east-1.elb.amazonaws.com\/en\/portafolioantiguo\/#breadcrumb"},"inLanguage":"en-US","potentialAction":[{"@type":"ReadAction","target":["https:\/\/530788e752aa3b4135e7c28d6492d6c4-1106699875.us-east-1.elb.amazonaws.com\/en\/portafolioantiguo\/"]}]},{"@type":"BreadcrumbList","@id":"https:\/\/530788e752aa3b4135e7c28d6492d6c4-1106699875.us-east-1.elb.amazonaws.com\/en\/portafolioantiguo\/#breadcrumb","itemListElement":[{"@type":"ListItem","position":1,"name":"Portada","item":"http:\/\/172.26.6.58\/"},{"@type":"ListItem","position":2,"name":"PortafolioAntiguo"}]},{"@type":"WebSite","@id":"http:\/\/172.26.6.58\/#website","url":"http:\/\/172.26.6.58\/","name":"Adslive Media","description":"Comercializadora de medios digitales","publisher":{"@id":"http:\/\/172.26.6.58\/#organization"},"alternateName":"AdsLive","potentialAction":[{"@type":"SearchAction","target":{"@type":"EntryPoint","urlTemplate":"http:\/\/172.26.6.58\/?s={search_term_string}"},"query-input":{"@type":"PropertyValueSpecification","valueRequired":true,"valueName":"search_term_string"}}],"inLanguage":"en-US"},{"@type":"Organization","@id":"http:\/\/172.26.6.58\/#organization","name":"Adslive Media","url":"http:\/\/172.26.6.58\/","logo":{"@type":"ImageObject","inLanguage":"en-US","@id":"http:\/\/172.26.6.58\/#\/schema\/logo\/image\/","url":"http:\/\/52.23.221.97\/wp-content\/uploads\/2022\/11\/btn-play.png","contentUrl":"http:\/\/52.23.221.97\/wp-content\/uploads\/2022\/11\/btn-play.png","width":439,"height":474,"caption":"Adslive Media"},"image":{"@id":"http:\/\/172.26.6.58\/#\/schema\/logo\/image\/"},"sameAs":["https:\/\/www.facebook.com\/AdsLiveMedia"]}]}},"_links":{"self":[{"href":"http:\/\/52.23.221.97\/en\/wp-json\/wp\/v2\/pages\/4404","targetHints":{"allow":["GET"]}}],"collection":[{"href":"http:\/\/52.23.221.97\/en\/wp-json\/wp\/v2\/pages"}],"about":[{"href":"http:\/\/52.23.221.97\/en\/wp-json\/wp\/v2\/types\/page"}],"author":[{"embeddable":true,"href":"http:\/\/52.23.221.97\/en\/wp-json\/wp\/v2\/users\/1"}],"replies":[{"embeddable":true,"href":"http:\/\/52.23.221.97\/en\/wp-json\/wp\/v2\/comments?post=4404"}],"version-history":[{"count":1,"href":"http:\/\/52.23.221.97\/en\/wp-json\/wp\/v2\/pages\/4404\/revisions"}],"predecessor-version":[{"id":9724,"href":"http:\/\/52.23.221.97\/en\/wp-json\/wp\/v2\/pages\/4404\/revisions\/9724"}],"wp:attachment":[{"href":"http:\/\/52.23.221.97\/en\/wp-json\/wp\/v2\/media?parent=4404"}],"curies":[{"name":"wp","href":"https:\/\/api.w.org\/{rel}","templated":true}]}}