{"id":7718,"date":"2020-12-10T14:14:10","date_gmt":"2020-12-10T14:14:10","guid":{"rendered":"http:\/?page_id=3"},"modified":"2026-03-26T17:35:39","modified_gmt":"2026-03-26T17:35:39","slug":"privacy-policy","status":"publish","type":"page","link":"http:\/\/52.23.221.97\/en\/privacy-policy\/","title":{"rendered":"Pol\u00edticas de Privacidad"},"content":{"rendered":"<p class=\"justify-text\">La presente Pol\u00edtica de Privacidad establece los t\u00e9rminos en que Adslive Media usa y protege la informaci\u00f3n que es proporcionada por los usuarios al momento de utilizar nuestro sitio web. La empresa est\u00e1 comprometida con la seguridad de los datos de los usuarios. Cuando le pedimos llenar los campos de informaci\u00f3n personal con la cual usted pueda ser identificado, lo hacemos asegurando que s\u00f3lo se emplea de acuerdo con los t\u00e9rminos de este documento. Sin embargo, esta Pol\u00edtica de Privacidad puede cambiar con el tiempo o ser actualizada por lo que le recomendamos y enfatizamos revisar continuamente esta p\u00e1gina para asegurarse que est\u00e1 de acuerdo con dichos cambios.<\/p>\n\n\n\n<p>&nbsp;<\/p>\n\n\n\n<p><strong>Informaci\u00f3n que es recogida<\/strong><\/p>\n\n\n\n<p class=\"justify-text\">Nuestro sitio web podr\u00e1 recoger informaci\u00f3n personal, por ejemplo: Nombre, informaci\u00f3n de contacto como la direcci\u00f3n de correo electr\u00f3nico e informaci\u00f3n demogr\u00e1fica. As\u00ed mismo cuando sea necesario podr\u00e1 ser requerida informaci\u00f3n espec\u00edfica para procesar alg\u00fan pedido o realizar una entrega de producto.<\/p>\n\n\n\n<p>&nbsp;<\/p>\n\n\n\n<p><strong>Uso de la informaci\u00f3n recogida<\/strong><\/p>\n\n\n\n<p class=\"justify-text\">Nuestro sitio web emplea la informaci\u00f3n con el fin de proporcionar el mejor servicio posible, particularmente para mantener un registro de usuarios, control de la plataforma, y mejorar nuestros productos y servicios. Es posible que sean enviados correos electr\u00f3nicos a trav\u00e9s de nuestro sitio con ofertas especiales, nuevos productos que consideremos relevantes para usted o que le pueda brindar alg\u00fan beneficio, estos correos electr\u00f3nicos ser\u00e1n enviados a la direcci\u00f3n que usted proporcione y podr\u00e1n ser cancelados en cualquier momento que usted lo desee.<\/p>\n\n\n\n<p>&nbsp;<\/p>\n\n\n\n<p class=\"justify-text\">Adslive Media est\u00e1 altamente comprometido para cumplir con el compromiso de mantener su informaci\u00f3n segura. Usamos los sistemas m\u00e1s avanzados y los actualizamos constantemente para asegurarnos que no exista ning\u00fan acceso no autorizado.<\/p>\n\n\n\n<p>&nbsp;<\/p>\n\n\n\n<p><strong>Enlaces a Terceros<\/strong><\/p>\n\n\n\n<p class=\"justify-text\">Este sitio web pudiera contener enlaces a otros sitios que pudieran ser de su inter\u00e9s. Una vez que usted d\u00e9 clic en estos enlaces y abandone nuestra p\u00e1gina, ya no tenemos control sobre al sitio al que es redirigido y por lo tanto no somos responsables de los t\u00e9rminos o privacidad ni de la protecci\u00f3n de sus datos en esos otros sitios terceros. Dichos sitios est\u00e1n sujetos a sus propias pol\u00edticas de privacidad por lo cual es recomendable que los consulte para confirmar que usted est\u00e1 de acuerdo con estas.<\/p>\n\n\n\n<p>&nbsp;<\/p>\n\n\n\n<p><strong>Control de su informaci\u00f3n personal<\/strong><\/p>\n\n\n\n<p class=\"justify-text\">En cualquier momento usted puede restringir la recopilaci\u00f3n o el uso de la informaci\u00f3n personal que es proporcionada a nuestro sitio web solicitando la eliminaci\u00f3n de su usuario al administrador. La empresa no vender\u00e1, ceder\u00e1 ni distribuir\u00e1 la informaci\u00f3n personal que es recopilada sin su consentimiento. Adslive Media se reserva el derecho de cambiar los t\u00e9rminos de la presente Pol\u00edtica de Privacidad en cualquier momento.<\/p>","protected":false},"excerpt":{"rendered":"<p>La presente Pol\u00edtica de Privacidad establece los t\u00e9rminos en que Adslive Media usa y protege la informaci\u00f3n que es proporcionada por los usuarios al momento de utilizar nuestro sitio web. La empresa est\u00e1 comprometida con la seguridad de los datos [&hellip;]<\/p>","protected":false},"author":1,"featured_media":0,"parent":0,"menu_order":0,"comment_status":"closed","ping_status":"closed","template":"","meta":{"_acf_changed":false,"footnotes":""},"class_list":["post-7718","page","type-page","status-publish","hentry"],"acf":[],"yoast_head":"<!-- This site is optimized with the Yoast SEO Premium plugin v26.4 (Yoast SEO v27.3) - https:\/\/yoast.com\/product\/yoast-seo-premium-wordpress\/ -->\n<title>Pol\u00edticas de Privacidad - Adslive Media<\/title>\n<meta name=\"robots\" content=\"index, follow, max-snippet:-1, max-image-preview:large, max-video-preview:-1\" \/>\n<link rel=\"canonical\" href=\"https:\/\/adslivemedia.com\/privacy-policy\/\" \/>\n<meta property=\"og:locale\" content=\"en_US\" \/>\n<meta property=\"og:type\" content=\"article\" \/>\n<meta property=\"og:title\" content=\"Pol\u00edticas de Privacidad\" \/>\n<meta property=\"og:description\" content=\"La presente Pol\u00edtica de Privacidad establece los t\u00e9rminos en que Adslive Media usa y protege la informaci\u00f3n que es proporcionada por los usuarios al momento de utilizar nuestro sitio web. La empresa est\u00e1 comprometida con la seguridad de los datos [&hellip;]\" \/>\n<meta property=\"og:url\" content=\"https:\/\/adslivemedia.com\/privacy-policy\/\" \/>\n<meta property=\"og:site_name\" content=\"Adslive Media\" \/>\n<meta property=\"article:publisher\" content=\"https:\/\/www.facebook.com\/AdsLiveMedia\" \/>\n<meta property=\"article:modified_time\" content=\"2026-03-26T17:35:39+00:00\" \/>\n<meta property=\"og:image\" content=\"http:\/\/52.23.221.97\/wp-content\/uploads\/2023\/08\/adslivelogo-256.png\" \/>\n\t<meta property=\"og:image:width\" content=\"256\" \/>\n\t<meta property=\"og:image:height\" content=\"256\" \/>\n\t<meta property=\"og:image:type\" content=\"image\/png\" \/>\n<meta name=\"twitter:card\" content=\"summary_large_image\" \/>\n<script type=\"application\/ld+json\" class=\"yoast-schema-graph\">{\"@context\":\"https:\\\/\\\/schema.org\",\"@graph\":[{\"@type\":\"WebPage\",\"@id\":\"https:\\\/\\\/adslivemedia.com\\\/privacy-policy\\\/\",\"url\":\"https:\\\/\\\/adslivemedia.com\\\/privacy-policy\\\/\",\"name\":\"Pol\u00edticas de Privacidad - Adslive Media\",\"isPartOf\":{\"@id\":\"http:\\\/\\\/172.26.6.58\\\/#website\"},\"datePublished\":\"2020-12-10T14:14:10+00:00\",\"dateModified\":\"2026-03-26T17:35:39+00:00\",\"breadcrumb\":{\"@id\":\"https:\\\/\\\/adslivemedia.com\\\/privacy-policy\\\/#breadcrumb\"},\"inLanguage\":\"en-US\",\"potentialAction\":[{\"@type\":\"ReadAction\",\"target\":[\"https:\\\/\\\/adslivemedia.com\\\/privacy-policy\\\/\"]}]},{\"@type\":\"BreadcrumbList\",\"@id\":\"https:\\\/\\\/adslivemedia.com\\\/privacy-policy\\\/#breadcrumb\",\"itemListElement\":[{\"@type\":\"ListItem\",\"position\":1,\"name\":\"Portada\",\"item\":\"http:\\\/\\\/172.26.6.58\\\/\"},{\"@type\":\"ListItem\",\"position\":2,\"name\":\"Pol\u00edticas de Privacidad\"}]},{\"@type\":\"WebSite\",\"@id\":\"http:\\\/\\\/172.26.6.58\\\/#website\",\"url\":\"http:\\\/\\\/172.26.6.58\\\/\",\"name\":\"Adslive Media\",\"description\":\"Comercializadora de medios digitales\",\"publisher\":{\"@id\":\"http:\\\/\\\/172.26.6.58\\\/#organization\"},\"alternateName\":\"AdsLive\",\"potentialAction\":[{\"@type\":\"SearchAction\",\"target\":{\"@type\":\"EntryPoint\",\"urlTemplate\":\"http:\\\/\\\/172.26.6.58\\\/?s={search_term_string}\"},\"query-input\":{\"@type\":\"PropertyValueSpecification\",\"valueRequired\":true,\"valueName\":\"search_term_string\"}}],\"inLanguage\":\"en-US\"},{\"@type\":\"Organization\",\"@id\":\"http:\\\/\\\/172.26.6.58\\\/#organization\",\"name\":\"Adslive Media\",\"url\":\"http:\\\/\\\/172.26.6.58\\\/\",\"logo\":{\"@type\":\"ImageObject\",\"inLanguage\":\"en-US\",\"@id\":\"http:\\\/\\\/172.26.6.58\\\/#\\\/schema\\\/logo\\\/image\\\/\",\"url\":\"http:\\\/\\\/52.23.221.97\\\/wp-content\\\/uploads\\\/2022\\\/11\\\/btn-play.png\",\"contentUrl\":\"http:\\\/\\\/52.23.221.97\\\/wp-content\\\/uploads\\\/2022\\\/11\\\/btn-play.png\",\"width\":439,\"height\":474,\"caption\":\"Adslive Media\"},\"image\":{\"@id\":\"http:\\\/\\\/172.26.6.58\\\/#\\\/schema\\\/logo\\\/image\\\/\"},\"sameAs\":[\"https:\\\/\\\/www.facebook.com\\\/AdsLiveMedia\"]}]}<\/script>\n<!-- \/ Yoast SEO Premium plugin. -->","yoast_head_json":{"title":"Pol\u00edticas de Privacidad - Adslive Media","robots":{"index":"index","follow":"follow","max-snippet":"max-snippet:-1","max-image-preview":"max-image-preview:large","max-video-preview":"max-video-preview:-1"},"canonical":"https:\/\/adslivemedia.com\/privacy-policy\/","og_locale":"en_US","og_type":"article","og_title":"Pol\u00edticas de Privacidad","og_description":"La presente Pol\u00edtica de Privacidad establece los t\u00e9rminos en que Adslive Media usa y protege la informaci\u00f3n que es proporcionada por los usuarios al momento de utilizar nuestro sitio web. La empresa est\u00e1 comprometida con la seguridad de los datos [&hellip;]","og_url":"https:\/\/adslivemedia.com\/privacy-policy\/","og_site_name":"Adslive Media","article_publisher":"https:\/\/www.facebook.com\/AdsLiveMedia","article_modified_time":"2026-03-26T17:35:39+00:00","og_image":[{"width":256,"height":256,"url":"http:\/\/52.23.221.97\/wp-content\/uploads\/2023\/08\/adslivelogo-256.png","type":"image\/png"}],"twitter_card":"summary_large_image","schema":{"@context":"https:\/\/schema.org","@graph":[{"@type":"WebPage","@id":"https:\/\/adslivemedia.com\/privacy-policy\/","url":"https:\/\/adslivemedia.com\/privacy-policy\/","name":"Pol\u00edticas de Privacidad - Adslive Media","isPartOf":{"@id":"http:\/\/172.26.6.58\/#website"},"datePublished":"2020-12-10T14:14:10+00:00","dateModified":"2026-03-26T17:35:39+00:00","breadcrumb":{"@id":"https:\/\/adslivemedia.com\/privacy-policy\/#breadcrumb"},"inLanguage":"en-US","potentialAction":[{"@type":"ReadAction","target":["https:\/\/adslivemedia.com\/privacy-policy\/"]}]},{"@type":"BreadcrumbList","@id":"https:\/\/adslivemedia.com\/privacy-policy\/#breadcrumb","itemListElement":[{"@type":"ListItem","position":1,"name":"Portada","item":"http:\/\/172.26.6.58\/"},{"@type":"ListItem","position":2,"name":"Pol\u00edticas de Privacidad"}]},{"@type":"WebSite","@id":"http:\/\/172.26.6.58\/#website","url":"http:\/\/172.26.6.58\/","name":"Adslive Media","description":"Comercializadora de medios digitales","publisher":{"@id":"http:\/\/172.26.6.58\/#organization"},"alternateName":"AdsLive","potentialAction":[{"@type":"SearchAction","target":{"@type":"EntryPoint","urlTemplate":"http:\/\/172.26.6.58\/?s={search_term_string}"},"query-input":{"@type":"PropertyValueSpecification","valueRequired":true,"valueName":"search_term_string"}}],"inLanguage":"en-US"},{"@type":"Organization","@id":"http:\/\/172.26.6.58\/#organization","name":"Adslive Media","url":"http:\/\/172.26.6.58\/","logo":{"@type":"ImageObject","inLanguage":"en-US","@id":"http:\/\/172.26.6.58\/#\/schema\/logo\/image\/","url":"http:\/\/52.23.221.97\/wp-content\/uploads\/2022\/11\/btn-play.png","contentUrl":"http:\/\/52.23.221.97\/wp-content\/uploads\/2022\/11\/btn-play.png","width":439,"height":474,"caption":"Adslive Media"},"image":{"@id":"http:\/\/172.26.6.58\/#\/schema\/logo\/image\/"},"sameAs":["https:\/\/www.facebook.com\/AdsLiveMedia"]}]}},"_links":{"self":[{"href":"http:\/\/52.23.221.97\/en\/wp-json\/wp\/v2\/pages\/7718","targetHints":{"allow":["GET"]}}],"collection":[{"href":"http:\/\/52.23.221.97\/en\/wp-json\/wp\/v2\/pages"}],"about":[{"href":"http:\/\/52.23.221.97\/en\/wp-json\/wp\/v2\/types\/page"}],"author":[{"embeddable":true,"href":"http:\/\/52.23.221.97\/en\/wp-json\/wp\/v2\/users\/1"}],"replies":[{"embeddable":true,"href":"http:\/\/52.23.221.97\/en\/wp-json\/wp\/v2\/comments?post=7718"}],"version-history":[{"count":4,"href":"http:\/\/52.23.221.97\/en\/wp-json\/wp\/v2\/pages\/7718\/revisions"}],"predecessor-version":[{"id":9292,"href":"http:\/\/52.23.221.97\/en\/wp-json\/wp\/v2\/pages\/7718\/revisions\/9292"}],"wp:attachment":[{"href":"http:\/\/52.23.221.97\/en\/wp-json\/wp\/v2\/media?parent=7718"}],"curies":[{"name":"wp","href":"https:\/\/api.w.org\/{rel}","templated":true}]}}