{"id":8912,"date":"2022-10-18T18:29:26","date_gmt":"2022-10-18T18:29:26","guid":{"rendered":"https:\/\/www.adslivemedia.com\/?page_id=8912"},"modified":"2022-12-19T15:15:14","modified_gmt":"2022-12-19T15:15:14","slug":"digital","status":"publish","type":"page","link":"http:\/\/52.23.221.97\/en\/digital\/","title":{"rendered":"DIGITAL SNACK"},"content":{"rendered":"<div class=\"vc_row wpb_row vc_row-fluid\" ><div class=\"wpb_column vc_column_container vc_col-sm-12\"><div class=\"vc_column-inner\"><div class=\"wpb_wrapper\"><div class=\"mkdf-elements-holder   mkdf-one-column  mkdf-responsive-mode-768\" ><\/div><\/div><\/div><\/div><\/div><div class=\"vc_row wpb_row vc_row-fluid\" ><div class=\"wpb_column vc_column_container vc_col-sm-12\"><div class=\"vc_column-inner\"><div class=\"wpb_wrapper\"><div class=\"mkdf-elements-holder   mkdf-one-column  mkdf-responsive-mode-768\" ><div class=\"mkdf-eh-item\"  data-item-class=\"mkdf-eh-custom-6252\">\n\t<div class=\"mkdf-eh-item-inner\">\n\t\t<div class=\"mkdf-eh-item-content mkdf-eh-custom-6252\" >\n\t\t\t<div class=\"mkdf-animation-holder mkdf-x-rotate\" data-animation=\"mkdf-x-rotate\" data-animation-delay=\"\"><div class=\"mkdf-animation-inner\"><div class=\"mkdf-blog-list-holder mkdf-grid-list mkdf-grid-masonry-list mkdf-disable-bottom-space mkdf-bl-masonry mkdf-two-columns mkdf-tiny-space mkdf-bl-pag-no-pagination\"  data-type=\"masonry\" data-number-of-posts=\"-1\" data-number-of-columns=\"two\" data-space-between-items=\"tiny\" data-orderby=\"date\" data-order=\"ASC\" data-title-tag=\"h4\" data-pagination-type=\"no-pagination\" data-max-num-pages=\"0\" data-next-page=\"2\">\n\t<div class=\"mkdf-bl-wrapper mkdf-outer-space\">\n\t\t<ul class=\"mkdf-blog-list mkdf-masonry-list-wrapper\">\n\t\t\t<li class=\"mkdf-masonry-grid-sizer\"><\/li>\n\t\t\t<li class=\"mkdf-masonry-grid-gutter\"><\/li>\n\t\t\t<li class=\"mkdf-bl-item mkdf-item-space\">\n    <div class=\"mkdf-bli-inner\">\n        <a href=\"http:\/\/52.23.221.97\/en\/2022\/09\/16\/podcast1\/\" class=\"mkdf-bli-link\"><\/a>\n        <div class=\"mkdf-post-image\" style=\"background-image: url('https:\/\/www.adslivemedia.com\/wp-content\/uploads\/2022\/11\/PORTADA1.png')\"><\/div>\n        <div class=\"mkdf-bli-content\">\n            <div class=\"mkdf-bli-info\">\n\t\t\t\t\n<h4 itemprop=\"name\" class=\"entry-title mkdf-post-title\" >\n            <a itemprop=\"url\" href=\"http:\/\/52.23.221.97\/en\/2022\/09\/16\/podcast1\/\" title=\"WHAT IS IT AND HOW TO TAKE ADVANTAGE OF IT NEW DIGITAL?\">\n            WHAT IS IT AND HOW TO TAKE ADVANTAGE OF IT NEW DIGITAL?            <\/a>\n    <\/h4><div itemprop=\"dateCreated\" class=\"mkdf-post-info-date entry-date published updated\">\n\t        <a itemprop=\"url\" href=\"http:\/\/52.23.221.97\/en\/2022\/09\/\">\n\t\t\t\t\t\tSeptember 16, 2022        <\/a>\n        <meta itemprop=\"interactionCount\" content=\"UserComments: 0\"\/>\n<\/div><div class=\"mkdf-post-info-category\">\n    <span>in<\/span>\n\t<a href=\"http:\/\/52.23.221.97\/en\/category\/marketing\/\" rel=\"category tag\">Marketing<\/a>, <a href=\"http:\/\/52.23.221.97\/en\/category\/tecnologia\/novedades\/\" rel=\"category tag\">News<\/a>, <a href=\"http:\/\/52.23.221.97\/en\/category\/tecnologia\/\" rel=\"category tag\">Tecnolog\u00eda<\/a><\/div>            <\/div>\n        <\/div>\n        <div class=\"mkdf-bli-btn\">\n\t\t\t<a itemprop=\"url\" href=\"http:\/\/52.23.221.97\/en\/2022\/09\/16\/podcast1\/\" target=\"_self\"  class=\"mkdf-btn mkdf-btn-medium mkdf-btn-solid mkdf-btn-single-line\"  >    <span class=\"mkdf-btn-text\">Read the full post<\/span>    \t<\/a>        <\/div>\n    <\/div>\n<\/li><li class=\"mkdf-bl-item mkdf-item-space\">\n    <div class=\"mkdf-bli-inner\">\n        <a href=\"http:\/\/52.23.221.97\/en\/2024\/08\/28\/formulario\/\" class=\"mkdf-bli-link\"><\/a>\n        <div class=\"mkdf-post-image\" style=\"background-image: url('http:\/\/52.23.221.97\/wp-content\/uploads\/2024\/02\/logo-blanco-ADS-2-2.png')\"><\/div>\n        <div class=\"mkdf-bli-content\">\n            <div class=\"mkdf-bli-info\">\n\t\t\t\t\n<h4 itemprop=\"name\" class=\"entry-title mkdf-post-title\" >\n            <a itemprop=\"url\" href=\"http:\/\/52.23.221.97\/en\/2024\/08\/28\/formulario\/\" title=\"Formulario\">\n            Formulario            <\/a>\n    <\/h4><div itemprop=\"dateCreated\" class=\"mkdf-post-info-date entry-date published updated\">\n\t        <a itemprop=\"url\" href=\"http:\/\/52.23.221.97\/en\/2024\/08\/\">\n\t\t\t\t\t\tAugust 28, 2024        <\/a>\n        <meta itemprop=\"interactionCount\" content=\"UserComments: 0\"\/>\n<\/div><div class=\"mkdf-post-info-category\">\n    <span>in<\/span>\n\t<a href=\"http:\/\/52.23.221.97\/en\/category\/tecnologia\/novedades\/\" rel=\"category tag\">News<\/a><\/div>            <\/div>\n        <\/div>\n        <div class=\"mkdf-bli-btn\">\n\t\t\t<a itemprop=\"url\" href=\"http:\/\/52.23.221.97\/en\/2024\/08\/28\/formulario\/\" target=\"_self\"  class=\"mkdf-btn mkdf-btn-medium mkdf-btn-solid mkdf-btn-single-line\"  >    <span class=\"mkdf-btn-text\">Read the full post<\/span>    \t<\/a>        <\/div>\n    <\/div>\n<\/li><li class=\"mkdf-bl-item mkdf-item-space\">\n    <div class=\"mkdf-bli-inner\">\n        <a href=\"http:\/\/52.23.221.97\/en\/2025\/11\/26\/publicidad-tradicional-vs-digital-un-enfoque-estrategico\/\" class=\"mkdf-bli-link\"><\/a>\n        <div class=\"mkdf-post-image\" style=\"background-image: url('')\"><\/div>\n        <div class=\"mkdf-bli-content\">\n            <div class=\"mkdf-bli-info\">\n\t\t\t\t\n<h4 itemprop=\"name\" class=\"entry-title mkdf-post-title\" >\n            <a itemprop=\"url\" href=\"http:\/\/52.23.221.97\/en\/2025\/11\/26\/publicidad-tradicional-vs-digital-un-enfoque-estrategico\/\" title=\"Publicidad Tradicional vs. Digital: Un Enfoque Estrat\u00e9gico\u00a0\">\n            Publicidad Tradicional vs. Digital: Un Enfoque Estrat\u00e9gico\u00a0            <\/a>\n    <\/h4><div itemprop=\"dateCreated\" class=\"mkdf-post-info-date entry-date published updated\">\n\t        <a itemprop=\"url\" href=\"http:\/\/52.23.221.97\/en\/2025\/11\/\">\n\t\t\t\t\t\tNovember 26, 2025        <\/a>\n        <meta itemprop=\"interactionCount\" content=\"UserComments: 0\"\/>\n<\/div><div class=\"mkdf-post-info-category\">\n    <span>in<\/span>\n\t<a href=\"http:\/\/52.23.221.97\/en\/category\/articulos\/\" rel=\"category tag\">Art\u00edculos<\/a><\/div>            <\/div>\n        <\/div>\n        <div class=\"mkdf-bli-btn\">\n\t\t\t<a itemprop=\"url\" href=\"http:\/\/52.23.221.97\/en\/2025\/11\/26\/publicidad-tradicional-vs-digital-un-enfoque-estrategico\/\" target=\"_self\"  class=\"mkdf-btn mkdf-btn-medium mkdf-btn-solid mkdf-btn-single-line\"  >    <span class=\"mkdf-btn-text\">Read the full post<\/span>    \t<\/a>        <\/div>\n    <\/div>\n<\/li><li class=\"mkdf-bl-item mkdf-item-space\">\n    <div class=\"mkdf-bli-inner\">\n        <a href=\"http:\/\/52.23.221.97\/en\/2025\/11\/26\/medicion-estrategica-en-marketing-digital-claves-para-el-exito\/\" class=\"mkdf-bli-link\"><\/a>\n        <div class=\"mkdf-post-image\" style=\"background-image: url('')\"><\/div>\n        <div class=\"mkdf-bli-content\">\n            <div class=\"mkdf-bli-info\">\n\t\t\t\t\n<h4 itemprop=\"name\" class=\"entry-title mkdf-post-title\" >\n            <a itemprop=\"url\" href=\"http:\/\/52.23.221.97\/en\/2025\/11\/26\/medicion-estrategica-en-marketing-digital-claves-para-el-exito\/\" title=\"Medici\u00f3n Estrat\u00e9gica en Marketing Digital: Claves para el \u00c9xito\u00a0\u00a0\">\n            Medici\u00f3n Estrat\u00e9gica en Marketing Digital: Claves para el \u00c9xito\u00a0\u00a0            <\/a>\n    <\/h4><div itemprop=\"dateCreated\" class=\"mkdf-post-info-date entry-date published updated\">\n\t        <a itemprop=\"url\" href=\"http:\/\/52.23.221.97\/en\/2025\/11\/\">\n\t\t\t\t\t\tNovember 26, 2025        <\/a>\n        <meta itemprop=\"interactionCount\" content=\"UserComments: 0\"\/>\n<\/div><div class=\"mkdf-post-info-category\">\n    <span>in<\/span>\n\t<a href=\"http:\/\/52.23.221.97\/en\/category\/articulos\/\" rel=\"category tag\">Art\u00edculos<\/a><\/div>            <\/div>\n        <\/div>\n        <div class=\"mkdf-bli-btn\">\n\t\t\t<a itemprop=\"url\" href=\"http:\/\/52.23.221.97\/en\/2025\/11\/26\/medicion-estrategica-en-marketing-digital-claves-para-el-exito\/\" target=\"_self\"  class=\"mkdf-btn mkdf-btn-medium mkdf-btn-solid mkdf-btn-single-line\"  >    <span class=\"mkdf-btn-text\">Read the full post<\/span>    \t<\/a>        <\/div>\n    <\/div>\n<\/li>\t\t<\/ul>\n\t<\/div>\n\t<\/div><\/div><\/div>\t\t<\/div>\n\t<\/div>\n<\/div><\/div><\/div><\/div><\/div><\/div>","protected":false},"excerpt":{"rendered":"Medici\u00f3n Estrat\u00e9gica en Marketing Digital: Claves para el \u00c9xito&nbsp;&nbsp; En AdsLive entendemos que lo que no se mide, no se puede mejorar. La medici\u00f3n del marketing digital es el pilar fundamental para evaluar el rendimiento real de las estrategias en [...]","protected":false},"author":1,"featured_media":8802,"parent":0,"menu_order":0,"comment_status":"closed","ping_status":"closed","template":"","meta":{"_acf_changed":false,"footnotes":""},"class_list":["post-8912","page","type-page","status-publish","has-post-thumbnail","hentry"],"acf":[],"yoast_head":"<!-- This site is optimized with the Yoast SEO Premium plugin v26.4 (Yoast SEO v27.3) - https:\/\/yoast.com\/product\/yoast-seo-premium-wordpress\/ -->\n<title>Digital Snack - Adslive Media<\/title>\n<meta name=\"robots\" content=\"index, follow, max-snippet:-1, max-image-preview:large, max-video-preview:-1\" \/>\n<link rel=\"canonical\" href=\"http:\/\/52.23.221.97\/en\/digital\/\" \/>\n<meta property=\"og:locale\" content=\"en_US\" \/>\n<meta property=\"og:type\" content=\"article\" \/>\n<meta property=\"og:title\" content=\"Digital Snack\" \/>\n<meta property=\"og:url\" content=\"http:\/\/52.23.221.97\/en\/digital\/\" \/>\n<meta property=\"og:site_name\" content=\"Adslive Media\" \/>\n<meta property=\"article:publisher\" content=\"https:\/\/www.facebook.com\/AdsLiveMedia\" \/>\n<meta property=\"article:modified_time\" content=\"2022-12-19T15:15:14+00:00\" \/>\n<meta property=\"og:image\" content=\"http:\/\/52.23.221.97\/wp-content\/uploads\/2022\/10\/Image-1.png\" \/>\n\t<meta property=\"og:image:width\" content=\"514\" \/>\n\t<meta property=\"og:image:height\" content=\"502\" \/>\n\t<meta property=\"og:image:type\" content=\"image\/png\" \/>\n<meta name=\"twitter:card\" content=\"summary_large_image\" \/>\n<script type=\"application\/ld+json\" class=\"yoast-schema-graph\">{\"@context\":\"https:\\\/\\\/schema.org\",\"@graph\":[{\"@type\":\"WebPage\",\"@id\":\"http:\\\/\\\/52.23.221.97\\\/digital\\\/\",\"url\":\"http:\\\/\\\/52.23.221.97\\\/digital\\\/\",\"name\":\"Digital Snack - Adslive Media\",\"isPartOf\":{\"@id\":\"http:\\\/\\\/172.26.6.58\\\/#website\"},\"primaryImageOfPage\":{\"@id\":\"http:\\\/\\\/52.23.221.97\\\/digital\\\/#primaryimage\"},\"image\":{\"@id\":\"http:\\\/\\\/52.23.221.97\\\/digital\\\/#primaryimage\"},\"thumbnailUrl\":\"http:\\\/\\\/52.23.221.97\\\/wp-content\\\/uploads\\\/2022\\\/10\\\/Image-1.png\",\"datePublished\":\"2022-10-18T18:29:26+00:00\",\"dateModified\":\"2022-12-19T15:15:14+00:00\",\"breadcrumb\":{\"@id\":\"http:\\\/\\\/52.23.221.97\\\/digital\\\/#breadcrumb\"},\"inLanguage\":\"en-US\",\"potentialAction\":[{\"@type\":\"ReadAction\",\"target\":[\"http:\\\/\\\/52.23.221.97\\\/digital\\\/\"]}]},{\"@type\":\"ImageObject\",\"inLanguage\":\"en-US\",\"@id\":\"http:\\\/\\\/52.23.221.97\\\/digital\\\/#primaryimage\",\"url\":\"http:\\\/\\\/52.23.221.97\\\/wp-content\\\/uploads\\\/2022\\\/10\\\/Image-1.png\",\"contentUrl\":\"http:\\\/\\\/52.23.221.97\\\/wp-content\\\/uploads\\\/2022\\\/10\\\/Image-1.png\",\"width\":514,\"height\":502},{\"@type\":\"BreadcrumbList\",\"@id\":\"http:\\\/\\\/52.23.221.97\\\/digital\\\/#breadcrumb\",\"itemListElement\":[{\"@type\":\"ListItem\",\"position\":1,\"name\":\"Portada\",\"item\":\"http:\\\/\\\/172.26.6.58\\\/\"},{\"@type\":\"ListItem\",\"position\":2,\"name\":\"Digital Snack\"}]},{\"@type\":\"WebSite\",\"@id\":\"http:\\\/\\\/172.26.6.58\\\/#website\",\"url\":\"http:\\\/\\\/172.26.6.58\\\/\",\"name\":\"Adslive Media\",\"description\":\"Comercializadora de medios digitales\",\"publisher\":{\"@id\":\"http:\\\/\\\/172.26.6.58\\\/#organization\"},\"alternateName\":\"AdsLive\",\"potentialAction\":[{\"@type\":\"SearchAction\",\"target\":{\"@type\":\"EntryPoint\",\"urlTemplate\":\"http:\\\/\\\/172.26.6.58\\\/?s={search_term_string}\"},\"query-input\":{\"@type\":\"PropertyValueSpecification\",\"valueRequired\":true,\"valueName\":\"search_term_string\"}}],\"inLanguage\":\"en-US\"},{\"@type\":\"Organization\",\"@id\":\"http:\\\/\\\/172.26.6.58\\\/#organization\",\"name\":\"Adslive Media\",\"url\":\"http:\\\/\\\/172.26.6.58\\\/\",\"logo\":{\"@type\":\"ImageObject\",\"inLanguage\":\"en-US\",\"@id\":\"http:\\\/\\\/172.26.6.58\\\/#\\\/schema\\\/logo\\\/image\\\/\",\"url\":\"http:\\\/\\\/52.23.221.97\\\/wp-content\\\/uploads\\\/2022\\\/11\\\/btn-play.png\",\"contentUrl\":\"http:\\\/\\\/52.23.221.97\\\/wp-content\\\/uploads\\\/2022\\\/11\\\/btn-play.png\",\"width\":439,\"height\":474,\"caption\":\"Adslive Media\"},\"image\":{\"@id\":\"http:\\\/\\\/172.26.6.58\\\/#\\\/schema\\\/logo\\\/image\\\/\"},\"sameAs\":[\"https:\\\/\\\/www.facebook.com\\\/AdsLiveMedia\"]}]}<\/script>\n<!-- \/ Yoast SEO Premium plugin. -->","yoast_head_json":{"title":"Digital Snack - Adslive Media","robots":{"index":"index","follow":"follow","max-snippet":"max-snippet:-1","max-image-preview":"max-image-preview:large","max-video-preview":"max-video-preview:-1"},"canonical":"http:\/\/52.23.221.97\/en\/digital\/","og_locale":"en_US","og_type":"article","og_title":"Digital Snack","og_url":"http:\/\/52.23.221.97\/en\/digital\/","og_site_name":"Adslive Media","article_publisher":"https:\/\/www.facebook.com\/AdsLiveMedia","article_modified_time":"2022-12-19T15:15:14+00:00","og_image":[{"width":514,"height":502,"url":"http:\/\/52.23.221.97\/wp-content\/uploads\/2022\/10\/Image-1.png","type":"image\/png"}],"twitter_card":"summary_large_image","schema":{"@context":"https:\/\/schema.org","@graph":[{"@type":"WebPage","@id":"http:\/\/52.23.221.97\/digital\/","url":"http:\/\/52.23.221.97\/digital\/","name":"Digital Snack - Adslive Media","isPartOf":{"@id":"http:\/\/172.26.6.58\/#website"},"primaryImageOfPage":{"@id":"http:\/\/52.23.221.97\/digital\/#primaryimage"},"image":{"@id":"http:\/\/52.23.221.97\/digital\/#primaryimage"},"thumbnailUrl":"http:\/\/52.23.221.97\/wp-content\/uploads\/2022\/10\/Image-1.png","datePublished":"2022-10-18T18:29:26+00:00","dateModified":"2022-12-19T15:15:14+00:00","breadcrumb":{"@id":"http:\/\/52.23.221.97\/digital\/#breadcrumb"},"inLanguage":"en-US","potentialAction":[{"@type":"ReadAction","target":["http:\/\/52.23.221.97\/digital\/"]}]},{"@type":"ImageObject","inLanguage":"en-US","@id":"http:\/\/52.23.221.97\/digital\/#primaryimage","url":"http:\/\/52.23.221.97\/wp-content\/uploads\/2022\/10\/Image-1.png","contentUrl":"http:\/\/52.23.221.97\/wp-content\/uploads\/2022\/10\/Image-1.png","width":514,"height":502},{"@type":"BreadcrumbList","@id":"http:\/\/52.23.221.97\/digital\/#breadcrumb","itemListElement":[{"@type":"ListItem","position":1,"name":"Portada","item":"http:\/\/172.26.6.58\/"},{"@type":"ListItem","position":2,"name":"Digital Snack"}]},{"@type":"WebSite","@id":"http:\/\/172.26.6.58\/#website","url":"http:\/\/172.26.6.58\/","name":"Adslive Media","description":"Comercializadora de medios digitales","publisher":{"@id":"http:\/\/172.26.6.58\/#organization"},"alternateName":"AdsLive","potentialAction":[{"@type":"SearchAction","target":{"@type":"EntryPoint","urlTemplate":"http:\/\/172.26.6.58\/?s={search_term_string}"},"query-input":{"@type":"PropertyValueSpecification","valueRequired":true,"valueName":"search_term_string"}}],"inLanguage":"en-US"},{"@type":"Organization","@id":"http:\/\/172.26.6.58\/#organization","name":"Adslive Media","url":"http:\/\/172.26.6.58\/","logo":{"@type":"ImageObject","inLanguage":"en-US","@id":"http:\/\/172.26.6.58\/#\/schema\/logo\/image\/","url":"http:\/\/52.23.221.97\/wp-content\/uploads\/2022\/11\/btn-play.png","contentUrl":"http:\/\/52.23.221.97\/wp-content\/uploads\/2022\/11\/btn-play.png","width":439,"height":474,"caption":"Adslive Media"},"image":{"@id":"http:\/\/172.26.6.58\/#\/schema\/logo\/image\/"},"sameAs":["https:\/\/www.facebook.com\/AdsLiveMedia"]}]}},"_links":{"self":[{"href":"http:\/\/52.23.221.97\/en\/wp-json\/wp\/v2\/pages\/8912","targetHints":{"allow":["GET"]}}],"collection":[{"href":"http:\/\/52.23.221.97\/en\/wp-json\/wp\/v2\/pages"}],"about":[{"href":"http:\/\/52.23.221.97\/en\/wp-json\/wp\/v2\/types\/page"}],"author":[{"embeddable":true,"href":"http:\/\/52.23.221.97\/en\/wp-json\/wp\/v2\/users\/1"}],"replies":[{"embeddable":true,"href":"http:\/\/52.23.221.97\/en\/wp-json\/wp\/v2\/comments?post=8912"}],"version-history":[{"count":45,"href":"http:\/\/52.23.221.97\/en\/wp-json\/wp\/v2\/pages\/8912\/revisions"}],"predecessor-version":[{"id":9181,"href":"http:\/\/52.23.221.97\/en\/wp-json\/wp\/v2\/pages\/8912\/revisions\/9181"}],"wp:featuredmedia":[{"embeddable":true,"href":"http:\/\/52.23.221.97\/en\/wp-json\/wp\/v2\/media\/8802"}],"wp:attachment":[{"href":"http:\/\/52.23.221.97\/en\/wp-json\/wp\/v2\/media?parent=8912"}],"curies":[{"name":"wp","href":"https:\/\/api.w.org\/{rel}","templated":true}]}}